{"id":8350,"date":"2016-02-18T10:48:11","date_gmt":"2016-02-18T08:48:11","guid":{"rendered":"http:\/\/dev.worldfuturecouncil.org\/?page_id=8350"},"modified":"2026-01-22T16:05:14","modified_gmt":"2026-01-22T14:05:14","slug":"jobs","status":"publish","type":"page","link":"https:\/\/www.worldfuturecouncil.org\/de\/jobs\/","title":{"rendered":"Jobs"},"content":{"rendered":"<div id='full_slider_1'  class='avia-fullwidth-slider main_color avia-shadow   avia-builder-el-0  el_before_av_section  avia-builder-el-first   container_wrap fullsize'  ><div  class='avia-slideshow av-lg21h5sl-07481316a02c70382b377f574849203e avia-slideshow-featured av_slideshow_full avia-slide-slider av-slideshow-ui av-control-default av-slideshow-manual av-loop-once av-loop-manual-endless av-default-height-applied   avia-slideshow-1' data-slideshow-options=\"{&quot;animation&quot;:&quot;slide&quot;,&quot;autoplay&quot;:false,&quot;loop_autoplay&quot;:&quot;once&quot;,&quot;interval&quot;:5,&quot;loop_manual&quot;:&quot;manual-endless&quot;,&quot;autoplay_stopper&quot;:false,&quot;noNavigation&quot;:false,&quot;bg_slider&quot;:false,&quot;keep_padding&quot;:false,&quot;hoverpause&quot;:false,&quot;show_slide_delay&quot;:0}\"  itemprop=\"image\" itemscope=\"itemscope\" itemtype=\"https:\/\/schema.org\/ImageObject\" ><ul class='avia-slideshow-inner ' style='padding-bottom: 30.714285714286%;'><li  class='avia-slideshow-slide av-lg21h5sl-07481316a02c70382b377f574849203e__0  av-single-slide slide-1 slide-odd'><div data-rel='slideshow-1' class='avia-slide-wrap '   ><img decoding=\"async\" fetchpriority=\"high\" class=\"wp-image-43752 avia-img-lazy-loading-not-43752\"  src=\"https:\/\/www.worldfuturecouncil.org\/wp-content\/uploads\/2023\/04\/Jobs-World-Future-Council-1400x430.png\" width=\"1400\" height=\"430\" title='Jobs World Future Council' alt=''  itemprop=\"thumbnailUrl\"   \/><\/div><\/li><\/ul><\/div><\/div>\n\n<style type=\"text\/css\" data-created_by=\"avia_inline_auto\" id=\"style-css-av-18u83ri-36df6458db18be005880be6d74c8b486\">\n.avia-section.av-18u83ri-36df6458db18be005880be6d74c8b486{\nbackground-color:#ffffff;\nbackground-image:unset;\n}\n.avia-section.av-18u83ri-36df6458db18be005880be6d74c8b486 .av-section-color-overlay{\nopacity:0.6;\n}\n<\/style>\n<div id='av_section_1'  class='avia-section av-18u83ri-36df6458db18be005880be6d74c8b486 main_color avia-section-default avia-no-shadow  avia-builder-el-1  el_after_av_slideshow_full  el_before_av_one_full  avia-bg-style-parallax av-section-color-overlay-active av-minimum-height av-minimum-height-custom av-height-custom  container_wrap fullsize'   data-av_minimum_height_px='0'><div class=\"av-section-color-overlay-wrap\"><div class=\"av-section-color-overlay\"><\/div><div class='container av-section-cont-open' style='height:0px'><div class='template-page content  av-content-full alpha units'><div class='post-entry post-entry-type-page post-entry-8350'><div class='entry-content-wrapper clearfix'>\n\n<div  class='hr av-4qoq5a-1eb1f277e19f19ed34cf5aac9e20ba56 hr-default  avia-builder-el-3  el_after_av_codeblock  avia-builder-el-last '><span class='hr-inner '><span class=\"hr-inner-style\"><\/span><\/span><\/div>\n<\/div><\/div><\/div><!-- close content main div --><\/div><\/div><\/div><div id='after_section_1'  class='main_color av_default_container_wrap container_wrap fullsize'  ><div class='container av-section-cont-open' ><div class='template-page content  av-content-full alpha units'><div class='post-entry post-entry-type-page post-entry-8350'><div class='entry-content-wrapper clearfix'>\n<div  class='flex_column av-7294m6-088b2762fbd1586b14bac2578f1d5e97 av_one_full  avia-builder-el-4  el_after_av_section  el_before_av_one_full  avia-builder-el-first  first flex_column_div  '     ><section  class='av_textblock_section av-mdd0lgy2-1af699f63b0edd155582b0506b063883 '   itemscope=\"itemscope\" itemtype=\"https:\/\/schema.org\/CreativeWork\" ><div class='avia_textblock'  itemprop=\"text\" ><h2>Aktuelle Stellenausschreibungen:<\/h2>\n<\/div><\/section><\/div>\n<div  class='flex_column av-57n5ge-5b7974b1e2bec6c82e7e5e91cf3892e1 av_one_full  avia-builder-el-6  el_after_av_one_full  el_before_av_section  avia-builder-el-last  first flex_column_div  column-top-margin'     ><div  class='hr av-49il26-64e01ccc50c11cdf0742bd83e05ce193 hr-default  avia-builder-el-7  avia-builder-el-no-sibling '><span class='hr-inner '><span class=\"hr-inner-style\"><\/span><\/span><\/div><\/div><\/div><\/div><\/div><!-- close content main div --><\/div><\/div>\n<style type=\"text\/css\" data-created_by=\"avia_inline_auto\" id=\"style-css-av-12vfc4u-7f7229f112eab2ca18845c3dfb3db3ab\">\n.avia-section.av-12vfc4u-7f7229f112eab2ca18845c3dfb3db3ab{\nbackground-color:#efefef;\nbackground-image:unset;\n}\n<\/style>\n<div id='av_section_2'  class='avia-section av-12vfc4u-7f7229f112eab2ca18845c3dfb3db3ab main_color avia-section-default avia-shadow  avia-builder-el-8  el_after_av_one_full  el_before_av_section  avia-bg-style-scroll container_wrap fullsize'  ><div class='container av-section-cont-open' ><div class='template-page content  av-content-full alpha units'><div class='post-entry post-entry-type-page post-entry-8350'><div class='entry-content-wrapper clearfix'>\n<section  class='av_textblock_section av-11exc0e-6422b733ac97bfda865e413dc17e2bd8 '   itemscope=\"itemscope\" itemtype=\"https:\/\/schema.org\/CreativeWork\" ><div class='avia_textblock'  itemprop=\"text\" ><h4 style=\"text-align: center;\">NICHTS GEFUNDEN?<\/h4>\n<\/div><\/section>\n\n<style type=\"text\/css\" data-created_by=\"avia_inline_auto\" id=\"style-css-av-1003k3i-1bfec56508aec1a6df2ff210bee5ee26\">\n.flex_column.av-1003k3i-1bfec56508aec1a6df2ff210bee5ee26{\nborder-radius:0px 0px 0px 0px;\npadding:4px 0px 0px 0px;\n}\n<\/style>\n<div  class='flex_column av-1003k3i-1bfec56508aec1a6df2ff210bee5ee26 av_one_third  avia-builder-el-10  el_after_av_textblock  el_before_av_one_third  first flex_column_div  column-top-margin'     ><style type=\"text\/css\" data-created_by=\"avia_inline_auto\" id=\"style-css-av-yi0yxq-2082d6776a76a69bc6eafd87fc0ed2e6\">\n.iconbox.av-yi0yxq-2082d6776a76a69bc6eafd87fc0ed2e6 .iconbox_icon{\nbackground-color:#ffbf28;\ncolor:#ffffff;\n}\n.iconbox.av-yi0yxq-2082d6776a76a69bc6eafd87fc0ed2e6 .iconbox_icon.avia-svg-icon svg:first-child{\nfill:#ffffff;\nstroke:#ffffff;\n}\n<\/style>\n<article  class='iconbox iconbox_top av-yi0yxq-2082d6776a76a69bc6eafd87fc0ed2e6 av-no-box  avia-builder-el-11  avia-builder-el-no-sibling '  itemscope=\"itemscope\" itemtype=\"https:\/\/schema.org\/CreativeWork\" ><div class=\"iconbox_content\"><header class=\"entry-content-header\" aria-label=\"Icon: DAS TEAM\"><a href='https:\/\/www.worldfuturecouncil.org\/de\/team-vorstand-und-aufsichtsrat\/' title='DAS TEAM' aria-label='DAS TEAM'  class='iconbox_icon heading-color avia-iconfont avia-font-entypo-fontello' data-av_icon='\ue80b' data-av_iconfont='entypo-fontello' title=\"DAS TEAM\" desc=\"DAS TEAM\" ><\/a><h3 class='iconbox_content_title '  itemprop=\"headline\" ><a href='https:\/\/www.worldfuturecouncil.org\/de\/team-vorstand-und-aufsichtsrat\/' title='DAS TEAM' >DAS TEAM<\/a><\/h3><\/header><div class='iconbox_content_container '  itemprop=\"text\" ><p>Lernen Sie unsere Mitarbeiter:innen und potentiellen neuen Kolleg:innen kennen.<\/p>\n<\/div><\/div><footer class=\"entry-footer\"><\/footer><\/article><\/div>\n<style type=\"text\/css\" data-created_by=\"avia_inline_auto\" id=\"style-css-av-wujrlq-cbc2983e710452c7d52a58a51e6f9143\">\n.flex_column.av-wujrlq-cbc2983e710452c7d52a58a51e6f9143{\nborder-radius:0px 0px 0px 0px;\npadding:4px 0px 0px 0px;\n}\n<\/style>\n<div  class='flex_column av-wujrlq-cbc2983e710452c7d52a58a51e6f9143 av_one_third  avia-builder-el-12  el_after_av_one_third  el_before_av_one_third  flex_column_div  column-top-margin'     ><style type=\"text\/css\" data-created_by=\"avia_inline_auto\" id=\"style-css-av-v1gnr2-a7ef68653e51a72526813719db3691b6\">\n.iconbox.av-v1gnr2-a7ef68653e51a72526813719db3691b6 .iconbox_icon{\nbackground-color:#ffbf28;\ncolor:#ffffff;\n}\n.iconbox.av-v1gnr2-a7ef68653e51a72526813719db3691b6 .iconbox_icon.avia-svg-icon svg:first-child{\nfill:#ffffff;\nstroke:#ffffff;\n}\n<\/style>\n<article  class='iconbox iconbox_top av-v1gnr2-a7ef68653e51a72526813719db3691b6 av-no-box  avia-builder-el-13  avia-builder-el-no-sibling '  itemscope=\"itemscope\" itemtype=\"https:\/\/schema.org\/CreativeWork\" ><div class=\"iconbox_content\"><header class=\"entry-content-header\" aria-label=\"Icon: TEILEN SIE UNSERE STORIES\"><a href='https:\/\/www.worldfuturecouncil.org\/de\/publikationen\/' title='TEILEN SIE UNSERE STORIES' aria-label='TEILEN SIE UNSERE STORIES'  class='iconbox_icon heading-color avia-iconfont avia-font-entypo-fontello' data-av_icon='\ue80e' data-av_iconfont='entypo-fontello' title=\"TEILEN SIE UNSERE STORIES\" desc=\"TEILEN SIE UNSERE STORIES\" ><\/a><h3 class='iconbox_content_title '  itemprop=\"headline\" ><a href='https:\/\/www.worldfuturecouncil.org\/de\/publikationen\/' title='TEILEN SIE UNSERE STORIES' >TEILEN SIE UNSERE STORIES<\/a><\/h3><\/header><div class='iconbox_content_container '  itemprop=\"text\" ><p>Unsere Infografiken, Social Media Grafiken &amp; Poster zum Download. Teilen Sie unsere Botschaft mit der Welt!<\/p>\n<\/div><\/div><footer class=\"entry-footer\"><\/footer><\/article><\/div>\n<style type=\"text\/css\" data-created_by=\"avia_inline_auto\" id=\"style-css-av-sozofy-46a7ed93613b3f1003df3fdb5706f58d\">\n.flex_column.av-sozofy-46a7ed93613b3f1003df3fdb5706f58d{\nborder-radius:0px 0px 0px 0px;\npadding:4px 0px 0px 0px;\n}\n<\/style>\n<div  class='flex_column av-sozofy-46a7ed93613b3f1003df3fdb5706f58d av_one_third  avia-builder-el-14  el_after_av_one_third  avia-builder-el-last  flex_column_div  column-top-margin'     ><style type=\"text\/css\" data-created_by=\"avia_inline_auto\" id=\"style-css-av-ryw1a6-b090fc16f5794071f0f62e3babc7b418\">\n.iconbox.av-ryw1a6-b090fc16f5794071f0f62e3babc7b418 .iconbox_icon{\nbackground-color:#ffbf28;\ncolor:#ffffff;\n}\n.iconbox.av-ryw1a6-b090fc16f5794071f0f62e3babc7b418 .iconbox_icon.avia-svg-icon svg:first-child{\nfill:#ffffff;\nstroke:#ffffff;\n}\n<\/style>\n<article  class='iconbox iconbox_top av-ryw1a6-b090fc16f5794071f0f62e3babc7b418 av-no-box  avia-builder-el-15  avia-builder-el-no-sibling '  itemscope=\"itemscope\" itemtype=\"https:\/\/schema.org\/CreativeWork\" ><div class=\"iconbox_content\"><header class=\"entry-content-header\" aria-label=\"Icon: KONTAKT\"><a href='https:\/\/www.worldfuturecouncil.org\/de\/impressum\/' title='KONTAKT' aria-label='KONTAKT'  class='iconbox_icon heading-color avia-iconfont avia-font-entypo-fontello' data-av_icon='\ue836' data-av_iconfont='entypo-fontello' title=\"KONTAKT\" desc=\"KONTAKT\" ><\/a><h3 class='iconbox_content_title '  itemprop=\"headline\" ><a href='https:\/\/www.worldfuturecouncil.org\/de\/impressum\/' title='KONTAKT' >KONTAKT<\/a><\/h3><\/header><div class='iconbox_content_container '  itemprop=\"text\" ><p>Wenn Sie mehr \u00fcber unsere Arbeit erfahren m\u00f6chten oder herausfinden m\u00f6chten, wie Sie ein Teil unserer Organisation werden k\u00f6nnen, nehmen Sie Kontakt zu uns auf!<\/p>\n<\/div><\/div><footer class=\"entry-footer\"><\/footer><\/article><\/div>\n<\/p>\n<\/div><\/div><\/div><!-- close content main div --><\/div><\/div><div id='six-columns'  class='avia-section av-ph684u-ff6fa79593035c5b4d929a01987060d6 main_color avia-section-default avia-no-shadow  avia-builder-el-16  el_after_av_section  el_before_av_one_full  avia-bg-style-scroll container_wrap fullsize'  ><div class='container av-section-cont-open' ><div class='template-page content  av-content-full alpha units'><div class='post-entry post-entry-type-page post-entry-8350'><div class='entry-content-wrapper clearfix'>\n\n<style type=\"text\/css\" data-created_by=\"avia_inline_auto\" id=\"style-css-av-o1bl26-59e128c41c85bc6cc6b022ae199219a9\">\n#top .av-special-heading.av-o1bl26-59e128c41c85bc6cc6b022ae199219a9{\npadding-bottom:10px;\n}\nbody .av-special-heading.av-o1bl26-59e128c41c85bc6cc6b022ae199219a9 .av-special-heading-tag .heading-char{\nfont-size:25px;\n}\n.av-special-heading.av-o1bl26-59e128c41c85bc6cc6b022ae199219a9 .av-subheading{\nfont-size:18px;\n}\n<\/style>\n<div  class='av-special-heading av-o1bl26-59e128c41c85bc6cc6b022ae199219a9 av-special-heading-h2 blockquote modern-quote modern-centered  avia-builder-el-17  el_before_av_hr  avia-builder-el-first '><div class='av-subheading av-subheading_above'><p>Folgen Sie uns auf<\/p>\n<\/div><h2 class='av-special-heading-tag '  itemprop=\"headline\"  >Social Media<\/h2><div class=\"special-heading-border\"><div class=\"special-heading-inner-border\"><\/div><\/div><\/div>\n\n<style type=\"text\/css\" data-created_by=\"avia_inline_auto\" id=\"style-css-av-lov16m-64630b17ce8cf16ce54694a740d0d4f6\">\n#top .hr.hr-invisible.av-lov16m-64630b17ce8cf16ce54694a740d0d4f6{\nheight:30px;\n}\n<\/style>\n<div  class='hr av-lov16m-64630b17ce8cf16ce54694a740d0d4f6 hr-invisible  avia-builder-el-18  el_after_av_heading  el_before_av_one_fifth '><span class='hr-inner '><span class=\"hr-inner-style\"><\/span><\/span><\/div>\n\n<style type=\"text\/css\" data-created_by=\"avia_inline_auto\" id=\"style-css-av-k7nium-49d421f44f1de8277d218144ae304135\">\n.flex_column.av-k7nium-49d421f44f1de8277d218144ae304135{\nborder-radius:0px 0px 0px 0px;\npadding:0px 0px 0px 0px;\n}\n<\/style>\n<div  class='flex_column av-k7nium-49d421f44f1de8277d218144ae304135 av_one_fifth  avia-builder-el-19  el_after_av_hr  el_before_av_one_fifth  first no_margin flex_column_div av-zero-column-padding  '     ><style type=\"text\/css\" data-created_by=\"avia_inline_auto\" id=\"style-css-av-j7ad7y-7c0f33a6cb33ad0e857f822f32776e5a\">\n.av_font_icon.av-j7ad7y-7c0f33a6cb33ad0e857f822f32776e5a{\ncolor:#3b5998;\nborder-color:#3b5998;\n}\n.avia-svg-icon.av-j7ad7y-7c0f33a6cb33ad0e857f822f32776e5a svg:first-child{\nstroke:#3b5998;\nfill:#3b5998;\n}\n.av_font_icon.av-j7ad7y-7c0f33a6cb33ad0e857f822f32776e5a .av-icon-char{\nfont-size:80px;\nline-height:80px;\n}\n<\/style>\n<span  class='av_font_icon av-j7ad7y-7c0f33a6cb33ad0e857f822f32776e5a avia_animate_when_visible av-icon-style- avia-icon-pos-center avia-iconfont avia-font-entypo-fontello avia-icon-animate'><a href='https:\/\/www.facebook.com\/wfc.goodpolicies'  target=\"_blank\"  rel=\"noopener noreferrer\"  class='av-icon-char' data-av_icon='\ue8f4' data-av_iconfont='entypo-fontello' aria-hidden=\"false\" ><\/a><\/span><\/div>\n<style type=\"text\/css\" data-created_by=\"avia_inline_auto\" id=\"style-css-av-hcmw1q-c92ecaceee3a793ab63572b922968ab5\">\n.flex_column.av-hcmw1q-c92ecaceee3a793ab63572b922968ab5{\nborder-radius:0px 0px 0px 0px;\npadding:0px 0px 0px 0px;\n}\n<\/style>\n<div  class='flex_column av-hcmw1q-c92ecaceee3a793ab63572b922968ab5 av_one_fifth  avia-builder-el-21  el_after_av_one_fifth  el_before_av_one_fifth  no_margin flex_column_div av-zero-column-padding  '     ><style type=\"text\/css\" data-created_by=\"avia_inline_auto\" id=\"style-css-av-g8sk8u-2ea3afe0a93c696f96cf1c3d6a3e4d81\">\n.av_font_icon.av-g8sk8u-2ea3afe0a93c696f96cf1c3d6a3e4d81{\ncolor:#00aced;\nborder-color:#00aced;\n}\n.avia-svg-icon.av-g8sk8u-2ea3afe0a93c696f96cf1c3d6a3e4d81 svg:first-child{\nstroke:#00aced;\nfill:#00aced;\n}\n.av_font_icon.av-g8sk8u-2ea3afe0a93c696f96cf1c3d6a3e4d81 .av-icon-char{\nfont-size:80px;\nline-height:80px;\n}\n<\/style>\n<span  class='av_font_icon av-g8sk8u-2ea3afe0a93c696f96cf1c3d6a3e4d81 avia_animate_when_visible av-icon-style- avia-icon-pos-center avia-iconfont avia-font-entypo-fontello avia-icon-animate'><a href='https:\/\/twitter.com\/Good_Policies'  target=\"_blank\"  rel=\"noopener noreferrer\"  class='av-icon-char' data-av_icon='\ue8f2' data-av_iconfont='entypo-fontello' aria-hidden=\"false\" ><\/a><\/span><\/div>\n<style type=\"text\/css\" data-created_by=\"avia_inline_auto\" id=\"style-css-av-djzha6-f2c5e83177e64843922a268d6cfb01ef\">\n.flex_column.av-djzha6-f2c5e83177e64843922a268d6cfb01ef{\nborder-radius:0px 0px 0px 0px;\npadding:0px 0px 0px 0px;\n}\n<\/style>\n<div  class='flex_column av-djzha6-f2c5e83177e64843922a268d6cfb01ef av_one_fifth  avia-builder-el-23  el_after_av_one_fifth  el_before_av_one_fifth  no_margin flex_column_div av-zero-column-padding  '     ><style type=\"text\/css\" data-created_by=\"avia_inline_auto\" id=\"style-css-av-cwwafy-55a9daa62126bdad30816a4c639f09fe\">\n.av_font_icon.av-cwwafy-55a9daa62126bdad30816a4c639f09fe{\ncolor:#fb3958;\nborder-color:#fb3958;\n}\n.avia-svg-icon.av-cwwafy-55a9daa62126bdad30816a4c639f09fe svg:first-child{\nstroke:#fb3958;\nfill:#fb3958;\n}\n.av_font_icon.av-cwwafy-55a9daa62126bdad30816a4c639f09fe .av-icon-char{\nfont-size:80px;\nline-height:80px;\n}\n<\/style>\n<span  class='av_font_icon av-cwwafy-55a9daa62126bdad30816a4c639f09fe avia_animate_when_visible av-icon-style- avia-icon-pos-center avia-iconfont avia-font-entypo-fontello avia-icon-animate'><a href='https:\/\/www.instagram.com\/worldfuturecouncil\/'  target=\"_blank\"  rel=\"noopener noreferrer\"  class='av-icon-char' data-av_icon='\ue909' data-av_iconfont='entypo-fontello' aria-hidden=\"false\" ><\/a><\/span><\/div>\n<style type=\"text\/css\" data-created_by=\"avia_inline_auto\" id=\"style-css-av-b73pke-964bd3a8b72d7039809d5e04234ef9eb\">\n.flex_column.av-b73pke-964bd3a8b72d7039809d5e04234ef9eb{\nborder-radius:0px 0px 0px 0px;\npadding:0px 0px 0px 0px;\n}\n<\/style>\n<div  class='flex_column av-b73pke-964bd3a8b72d7039809d5e04234ef9eb av_one_fifth  avia-builder-el-25  el_after_av_one_fifth  el_before_av_one_fifth  no_margin flex_column_div av-zero-column-padding  '     ><style type=\"text\/css\" data-created_by=\"avia_inline_auto\" id=\"style-css-av-9acsce-858ec622e52f3e45714574e45057ee77\">\n.av_font_icon.av-9acsce-858ec622e52f3e45714574e45057ee77{\ncolor:#007bb5;\nborder-color:#007bb5;\n}\n.avia-svg-icon.av-9acsce-858ec622e52f3e45714574e45057ee77 svg:first-child{\nstroke:#007bb5;\nfill:#007bb5;\n}\n.av_font_icon.av-9acsce-858ec622e52f3e45714574e45057ee77 .av-icon-char{\nfont-size:80px;\nline-height:80px;\n}\n<\/style>\n<span  class='av_font_icon av-9acsce-858ec622e52f3e45714574e45057ee77 avia_animate_when_visible av-icon-style- avia-icon-pos-center avia-iconfont avia-font-entypo-fontello avia-icon-animate'><a href='https:\/\/www.linkedin.com\/company\/world-future-council'  target=\"_blank\"  rel=\"noopener noreferrer\"  class='av-icon-char' data-av_icon='\ue8fd' data-av_iconfont='entypo-fontello' aria-hidden=\"false\" ><\/a><\/span><\/div>\n<style type=\"text\/css\" data-created_by=\"avia_inline_auto\" id=\"style-css-av-75zqam-8c42979c87fa41f9793fbe1572b5a4fb\">\n.flex_column.av-75zqam-8c42979c87fa41f9793fbe1572b5a4fb{\nborder-radius:0px 0px 0px 0px;\npadding:0px 0px 0px 0px;\n}\n<\/style>\n<div  class='flex_column av-75zqam-8c42979c87fa41f9793fbe1572b5a4fb av_one_fifth  avia-builder-el-27  el_after_av_one_fifth  el_before_av_one_fifth  no_margin flex_column_div av-zero-column-padding  '     ><style type=\"text\/css\" data-created_by=\"avia_inline_auto\" id=\"style-css-av-60dqtq-99beeec067be7d4c79a360db99163728\">\n.av_font_icon.av-60dqtq-99beeec067be7d4c79a360db99163728{\ncolor:#ff0084;\nborder-color:#ff0084;\n}\n.avia-svg-icon.av-60dqtq-99beeec067be7d4c79a360db99163728 svg:first-child{\nstroke:#ff0084;\nfill:#ff0084;\n}\n.av_font_icon.av-60dqtq-99beeec067be7d4c79a360db99163728 .av-icon-char{\nfont-size:80px;\nline-height:80px;\n}\n<\/style>\n<span  class='av_font_icon av-60dqtq-99beeec067be7d4c79a360db99163728 avia_animate_when_visible av-icon-style- avia-icon-pos-center avia-iconfont avia-font-entypo-fontello avia-icon-animate'><a href='https:\/\/www.flickr.com\/worldfuturecouncil\/'  target=\"_blank\"  rel=\"noopener noreferrer\"  class='av-icon-char' data-av_icon='\ue8ee' data-av_iconfont='entypo-fontello' aria-hidden=\"false\" ><\/a><\/span><\/div>\n<style type=\"text\/css\" data-created_by=\"avia_inline_auto\" id=\"style-css-av-4hai7y-5c3a146612c9df5b726dba2089c41eef\">\n.flex_column.av-4hai7y-5c3a146612c9df5b726dba2089c41eef{\nborder-radius:0px 0px 0px 0px;\npadding:0px 0px 0px 0px;\n}\n<\/style>\n<div  class='flex_column av-4hai7y-5c3a146612c9df5b726dba2089c41eef av_one_fifth  avia-builder-el-29  el_after_av_one_fifth  avia-builder-el-last  first flex_column_div av-zero-column-padding  column-top-margin'     ><style type=\"text\/css\" data-created_by=\"avia_inline_auto\" id=\"style-css-av-21bpla-3e964a544bdc8b8ebb1fcd6ed2446cda\">\n.av_font_icon.av-21bpla-3e964a544bdc8b8ebb1fcd6ed2446cda{\ncolor:#bb0000;\nborder-color:#bb0000;\n}\n.avia-svg-icon.av-21bpla-3e964a544bdc8b8ebb1fcd6ed2446cda svg:first-child{\nstroke:#bb0000;\nfill:#bb0000;\n}\n.av_font_icon.av-21bpla-3e964a544bdc8b8ebb1fcd6ed2446cda .av-icon-char{\nfont-size:80px;\nline-height:80px;\n}\n<\/style>\n<span  class='av_font_icon av-21bpla-3e964a544bdc8b8ebb1fcd6ed2446cda avia_animate_when_visible av-icon-style- avia-icon-pos-center avia-iconfont avia-font-entypo-fontello avia-icon-animate'><a href='https:\/\/www.youtube.com\/wfcinitiative'  target=\"_blank\"  rel=\"noopener noreferrer\"  class='av-icon-char' data-av_icon='\ue921' data-av_iconfont='entypo-fontello' aria-hidden=\"false\" ><\/a><\/span><\/div>\n<\/div><\/div><\/div><!-- close content main div --><\/div><\/div><div id='after_section_3'  class='main_color av_default_container_wrap container_wrap fullsize'  ><div class='container av-section-cont-open' ><div class='template-page content  av-content-full alpha units'><div class='post-entry post-entry-type-page post-entry-8350'><div class='entry-content-wrapper clearfix'>\n<div  class='flex_column av-22r5fy-8dc3dbb8a6bf3a3287eb0b25a38cec66 av_one_full  avia-builder-el-31  el_after_av_section  avia-builder-el-no-sibling  first flex_column_div  '     ><\/div>\n","protected":false},"excerpt":{"rendered":"<p>Stellenangebote und Praktika bei der Stiftung World Future Council<\/p>\n","protected":false},"author":16,"featured_media":0,"parent":0,"menu_order":0,"comment_status":"closed","ping_status":"closed","template":"","meta":{"footnotes":""},"class_list":["post-8350","page","type-page","status-publish","hentry"],"featured_image_src":null,"yoast_head":"<!-- This site is optimized with the Yoast SEO plugin v26.8 - https:\/\/yoast.com\/product\/yoast-seo-wordpress\/ -->\n<title>Jobs - World Future Council<\/title>\n<meta name=\"robots\" content=\"index, follow, max-snippet:-1, max-image-preview:large, max-video-preview:-1\" \/>\n<link rel=\"canonical\" href=\"https:\/\/www.worldfuturecouncil.org\/de\/jobs\/\" \/>\n<meta property=\"og:locale\" content=\"de_DE\" \/>\n<meta property=\"og:type\" content=\"article\" \/>\n<meta property=\"og:title\" content=\"Jobs - World Future Council\" \/>\n<meta property=\"og:description\" content=\"Stellenangebote und Praktika bei der Stiftung World Future Council\" \/>\n<meta property=\"og:url\" content=\"https:\/\/www.worldfuturecouncil.org\/de\/jobs\/\" \/>\n<meta property=\"og:site_name\" content=\"World Future Council\" \/>\n<meta property=\"article:modified_time\" content=\"2026-01-22T14:05:14+00:00\" \/>\n<meta property=\"og:image\" content=\"https:\/\/www.worldfuturecouncil.org\/wp-content\/uploads\/2016\/07\/Job_opportunity.jpg\" \/>\n\t<meta property=\"og:image:width\" content=\"1000\" \/>\n\t<meta property=\"og:image:height\" content=\"667\" \/>\n\t<meta property=\"og:image:type\" content=\"image\/jpeg\" \/>\n<meta name=\"twitter:card\" content=\"summary_large_image\" \/>\n<meta name=\"twitter:label1\" content=\"Gesch\u00e4tzte Lesezeit\" \/>\n\t<meta name=\"twitter:data1\" content=\"1\u00a0Minute\" \/>\n<script type=\"application\/ld+json\" class=\"yoast-schema-graph\">{\"@context\":\"https:\/\/schema.org\",\"@graph\":[{\"@type\":\"WebPage\",\"@id\":\"https:\/\/www.worldfuturecouncil.org\/de\/jobs\/\",\"url\":\"https:\/\/www.worldfuturecouncil.org\/de\/jobs\/\",\"name\":\"Jobs - World Future Council\",\"isPartOf\":{\"@id\":\"https:\/\/www.worldfuturecouncil.org\/#website\"},\"datePublished\":\"2016-02-18T08:48:11+00:00\",\"dateModified\":\"2026-01-22T14:05:14+00:00\",\"inLanguage\":\"de\",\"potentialAction\":[{\"@type\":\"ReadAction\",\"target\":[\"https:\/\/www.worldfuturecouncil.org\/de\/jobs\/\"]}]},{\"@type\":\"WebSite\",\"@id\":\"https:\/\/www.worldfuturecouncil.org\/#website\",\"url\":\"https:\/\/www.worldfuturecouncil.org\/\",\"name\":\"World Future Council\",\"description\":\"Solutions for our Common Future\",\"potentialAction\":[{\"@type\":\"SearchAction\",\"target\":{\"@type\":\"EntryPoint\",\"urlTemplate\":\"https:\/\/www.worldfuturecouncil.org\/?s={search_term_string}\"},\"query-input\":{\"@type\":\"PropertyValueSpecification\",\"valueRequired\":true,\"valueName\":\"search_term_string\"}}],\"inLanguage\":\"de\"}]}<\/script>\n<!-- \/ Yoast SEO plugin. -->","yoast_head_json":{"title":"Jobs - World Future Council","robots":{"index":"index","follow":"follow","max-snippet":"max-snippet:-1","max-image-preview":"max-image-preview:large","max-video-preview":"max-video-preview:-1"},"canonical":"https:\/\/www.worldfuturecouncil.org\/de\/jobs\/","og_locale":"de_DE","og_type":"article","og_title":"Jobs - World Future Council","og_description":"Stellenangebote und Praktika bei der Stiftung World Future Council","og_url":"https:\/\/www.worldfuturecouncil.org\/de\/jobs\/","og_site_name":"World Future Council","article_modified_time":"2026-01-22T14:05:14+00:00","og_image":[{"width":1000,"height":667,"url":"https:\/\/www.worldfuturecouncil.org\/wp-content\/uploads\/2016\/07\/Job_opportunity.jpg","type":"image\/jpeg"}],"twitter_card":"summary_large_image","twitter_misc":{"Gesch\u00e4tzte Lesezeit":"1\u00a0Minute"},"schema":{"@context":"https:\/\/schema.org","@graph":[{"@type":"WebPage","@id":"https:\/\/www.worldfuturecouncil.org\/de\/jobs\/","url":"https:\/\/www.worldfuturecouncil.org\/de\/jobs\/","name":"Jobs - World Future Council","isPartOf":{"@id":"https:\/\/www.worldfuturecouncil.org\/#website"},"datePublished":"2016-02-18T08:48:11+00:00","dateModified":"2026-01-22T14:05:14+00:00","inLanguage":"de","potentialAction":[{"@type":"ReadAction","target":["https:\/\/www.worldfuturecouncil.org\/de\/jobs\/"]}]},{"@type":"WebSite","@id":"https:\/\/www.worldfuturecouncil.org\/#website","url":"https:\/\/www.worldfuturecouncil.org\/","name":"World Future Council","description":"Solutions for our Common Future","potentialAction":[{"@type":"SearchAction","target":{"@type":"EntryPoint","urlTemplate":"https:\/\/www.worldfuturecouncil.org\/?s={search_term_string}"},"query-input":{"@type":"PropertyValueSpecification","valueRequired":true,"valueName":"search_term_string"}}],"inLanguage":"de"}]}},"_links":{"self":[{"href":"https:\/\/www.worldfuturecouncil.org\/de\/wp-json\/wp\/v2\/pages\/8350","targetHints":{"allow":["GET"]}}],"collection":[{"href":"https:\/\/www.worldfuturecouncil.org\/de\/wp-json\/wp\/v2\/pages"}],"about":[{"href":"https:\/\/www.worldfuturecouncil.org\/de\/wp-json\/wp\/v2\/types\/page"}],"author":[{"embeddable":true,"href":"https:\/\/www.worldfuturecouncil.org\/de\/wp-json\/wp\/v2\/users\/16"}],"replies":[{"embeddable":true,"href":"https:\/\/www.worldfuturecouncil.org\/de\/wp-json\/wp\/v2\/comments?post=8350"}],"version-history":[{"count":2,"href":"https:\/\/www.worldfuturecouncil.org\/de\/wp-json\/wp\/v2\/pages\/8350\/revisions"}],"predecessor-version":[{"id":55648,"href":"https:\/\/www.worldfuturecouncil.org\/de\/wp-json\/wp\/v2\/pages\/8350\/revisions\/55648"}],"wp:attachment":[{"href":"https:\/\/www.worldfuturecouncil.org\/de\/wp-json\/wp\/v2\/media?parent=8350"}],"curies":[{"name":"wp","href":"https:\/\/api.w.org\/{rel}","templated":true}]}}