{"id":49655,"date":"2023-10-11T13:55:24","date_gmt":"2023-10-11T11:55:24","guid":{"rendered":"https:\/\/www.worldfuturecouncil.org\/?page_id=49655"},"modified":"2023-10-11T13:58:38","modified_gmt":"2023-10-11T11:58:38","slug":"stellenausschreibung-bundesfreiwilligendienst-event-office-management","status":"publish","type":"page","link":"https:\/\/www.worldfuturecouncil.org\/de\/stellenausschreibung-bundesfreiwilligendienst-event-office-management\/","title":{"rendered":"Stellenausschreibung: Bundesfreiwilligendienst f\u00fcr Even- und Office Management (m\/w\/d)"},"content":{"rendered":"<header class=\"entry-content-header\">\n<header class=\"entry-content-header\"><\/header>\n<div class=\"entry-content\">\n<h1 style=\"text-align: center;\">Stiftung World Future Council<\/h1>\n<h1 style=\"text-align: center;\" aria-level=\"1\">Bundesfreiwilligendienst F\u00fcr Event- und Office Management (m\/w\/d)<\/h1>\n<p><span data-ccp-props=\"{&quot;134245417&quot;:false,&quot;335551550&quot;:2,&quot;335551620&quot;:2,&quot;335559685&quot;:0,&quot;335559738&quot;:12}\">\u00a0<\/span><\/p>\n<p><span data-ccp-props=\"{&quot;134245417&quot;:false,&quot;335551550&quot;:2,&quot;335551620&quot;:2,&quot;335559685&quot;:0}\">\u00a0<\/span><\/p>\n<p><span data-contrast=\"auto\">Der World Future Council (WFC) verfolgt das Ziel, unseren Kindern und Enkeln einen gesunden Planeten mit gerechten Gesellschaften zu \u00fcbergeben. Um dies zu erreichen, identifizieren und verbreiten wir zukunftsgerechte politische L\u00f6sungen und f\u00f6rdern deren Umsetzung weltweit. Der Rat besteht aus 50 internationalen Pers\u00f6nlichkeiten aus Politik, Wissenschaft, Wirtschaft, Zivilgesellschaft und Kultur. Er identifiziert dr\u00e4ngende Themen und legt die Agenda f\u00fcr unsere Arbeit fest. Jakob von Uexk\u00fcll, der Gr\u00fcnder des Alternativen Nobelpreises, hat den World Future Council 2007 ins Leben gerufen. Wir sind als gemeinn\u00fctzige Stiftung in Hamburg registriert und finanzieren unsere Arbeit \u00fcber Spenden.<\/span><span data-ccp-props=\"{&quot;134245417&quot;:false,&quot;335551550&quot;:6,&quot;335551620&quot;:6,&quot;335559685&quot;:112,&quot;335559737&quot;:111}\">\u00a0<\/span><\/p>\n<p><span data-ccp-props=\"{&quot;134245417&quot;:false}\">\u00a0<\/span><\/p>\n<p><span data-contrast=\"auto\">Wir suchen <\/span>zum 01.11.2023 eine:n Bundesfreiwillige:n mit sehr guten Deutsch- und Englischkenntnissen f\u00fcr Event und Office Managemen<em>t.<\/em><\/p>\n<p><span data-ccp-props=\"{&quot;134245417&quot;:false}\">\u00a0<\/span><\/p>\n<p aria-level=\"1\"><b><span data-contrast=\"auto\">Wenn du<\/span><\/b><span data-ccp-props=\"{&quot;134245417&quot;:false,&quot;201341983&quot;:1,&quot;335559685&quot;:112,&quot;335559740&quot;:292}\">\u00a0<\/span><\/p>\n<ul>\n<li data-leveltext=\"\uf0b7\" data-font=\"Symbol\" data-listid=\"1\" data-list-defn-props=\"{&quot;335551671&quot;:0,&quot;335552541&quot;:1,&quot;335559684&quot;:-2,&quot;335559685&quot;:112,&quot;335559991&quot;:360,&quot;469769226&quot;:&quot;Symbol&quot;,&quot;469769242&quot;:[8226],&quot;469777803&quot;:&quot;left&quot;,&quot;469777804&quot;:&quot;\uf0b7&quot;,&quot;469777815&quot;:&quot;hybridMultilevel&quot;}\" aria-setsize=\"-1\" data-aria-posinset=\"0\" data-aria-level=\"1\"><span data-contrast=\"auto\">bereits studiert hast oder<\/span><span data-ccp-props=\"{&quot;134245417&quot;:false,&quot;201341983&quot;:0,&quot;335559731&quot;:360,&quot;335559737&quot;:7062,&quot;335559740&quot;:240,&quot;469777462&quot;:[832,833],&quot;469777927&quot;:[0,0],&quot;469777928&quot;:[1,1]}\">\u00a0<\/span><\/li>\n<li data-leveltext=\"\uf0b7\" data-font=\"Symbol\" data-listid=\"1\" data-list-defn-props=\"{&quot;335551671&quot;:0,&quot;335552541&quot;:1,&quot;335559684&quot;:-2,&quot;335559685&quot;:112,&quot;335559991&quot;:360,&quot;469769226&quot;:&quot;Symbol&quot;,&quot;469769242&quot;:[8226],&quot;469777803&quot;:&quot;left&quot;,&quot;469777804&quot;:&quot;\uf0b7&quot;,&quot;469777815&quot;:&quot;hybridMultilevel&quot;}\" aria-setsize=\"-1\" data-aria-posinset=\"0\" data-aria-level=\"1\"><span data-contrast=\"auto\">dein Abitur abgeschlossen hast<\/span><\/li>\n<li data-leveltext=\"\uf0b7\" data-font=\"Symbol\" data-listid=\"1\" data-list-defn-props=\"{&quot;335551671&quot;:0,&quot;335552541&quot;:1,&quot;335559684&quot;:-2,&quot;335559685&quot;:112,&quot;335559991&quot;:360,&quot;469769226&quot;:&quot;Symbol&quot;,&quot;469769242&quot;:[8226],&quot;469777803&quot;:&quot;left&quot;,&quot;469777804&quot;:&quot;\uf0b7&quot;,&quot;469777815&quot;:&quot;hybridMultilevel&quot;}\" aria-setsize=\"-1\" data-aria-posinset=\"0\" data-aria-level=\"1\">bereits kaufm\u00e4nnische Erfahrung gesammelt hast<\/li>\n<\/ul>\n<p><span data-ccp-props=\"{&quot;134245417&quot;:false,&quot;335551550&quot;:6,&quot;335551620&quot;:6,&quot;335559685&quot;:112,&quot;335559737&quot;:109}\">\u00a0<\/span><\/p>\n<p aria-level=\"1\"><b><span data-contrast=\"auto\">Wir ben\u00f6tigen Unterst\u00fctzung bei den folgenden Aufgaben:<\/span><\/b><span data-ccp-props=\"{&quot;134245417&quot;:false,&quot;335551550&quot;:6,&quot;335551620&quot;:6,&quot;335559685&quot;:112,&quot;335559738&quot;:1}\">\u00a0<\/span><\/p>\n<ul>\n<li>Event Management<\/li>\n<li>Reisebuchungen<\/li>\n<li>Rechercheaufgaben<\/li>\n<li>Organisation des B\u00fcros in Hamburg (Telefondienst, Postverwaltung, etc.)<\/li>\n<li>Vorbereitung von Dokumenten f\u00fcr den Vorstand<\/li>\n<li>Aktualisierung von Informationen, Adresslisten etc.<\/li>\n<li>Empfang von Besucher:innen und Vorbereitung von Meetings<\/li>\n<li>Unterst\u00fctzung beim Fundraising und bei Projekten der verschiedenen Teams<\/li>\n<\/ul>\n<p aria-level=\"1\"><b><span data-contrast=\"auto\">Anforderungen:<\/span><\/b><span data-ccp-props=\"{&quot;134245417&quot;:false,&quot;335559685&quot;:112,&quot;335559738&quot;:221}\">\u00a0<\/span><\/p>\n<ul>\n<li>Du identifizierst dich mit den Zielen und der Arbeit der Stiftung<\/li>\n<li>Du bist freundlich, aufgeschlossen, lernbereit und kommunikativ<\/li>\n<li>Du hast in Deutsch und Englisch eine sehr gute m\u00fcndliche und schriftliche Ausdrucksweise<\/li>\n<li>Du bringst gute Kenntnisse in MS Office Anwendungen mit<\/li>\n<li>Du arbeitest sorgf\u00e4ltig und bist ein Organisationstalent<\/li>\n<li>Du zeigst Eigeninitiative und kannst dich selbst\u00e4ndig in Projekte einbringen<\/li>\n<\/ul>\n<p aria-level=\"1\"><b><span data-contrast=\"auto\">Wir bieten:<\/span><\/b><span data-ccp-props=\"{&quot;134245417&quot;:false,&quot;335559685&quot;:112,&quot;335559738&quot;:219}\">\u00a0<\/span><\/p>\n<ul>\n<li>Wir sind ein junges internationales Team mit harmonischem Betriebs- und Arbeitsklima<\/li>\n<li>Wir arbeiten global mit einer Vielzahl gro\u00dfer Pers\u00f6nlichkeiten, was Einblicke in die unterschiedlichsten Bereiche erm\u00f6glicht<\/li>\n<li>Wir geben dir die M\u00f6glichkeit dich beruflich und pers\u00f6nlich weiterzuentwickeln und eigene Ideen einzubringen<\/li>\n<li>Wir zahlen ein Taschengeld (von der Arbeitszeit abh\u00e4ngig)<\/li>\n<li>In Zusammenarbeit mit unserer Zentralstelle dem BUND e.V. erm\u00f6glichen wir dir regelm\u00e4\u00dfige Seminare<\/li>\n<li>Wir \u00fcbernehmen deine Fahrtkosten zum B\u00fcro (\u00d6PNV bzw. Deutschlandticket) und Fahrtkosten zu den Fortbildungsseminaren<\/li>\n<li>Au\u00dferdem gibt es freie Getr\u00e4nke in unserem B\u00fcro direkt an der Elbe<\/li>\n<\/ul>\n<p>&nbsp;<\/p>\n<p>Der Freiwilligendienst umfasst eine w\u00f6chentliche T\u00e4tigkeit von 40 Stunden. Die Gesamtdauer betr\u00e4gt zwischen 6 und 18 Monaten (je nach Vereinbarung).<\/p>\n<p>Bitte sende deine Bewerbung mit Anschreiben und Lebenslauf an: Selma De Jongh, E-Mail: selma.dejongh@worldfuturecouncil.org, Betreffzeile: 1 &#8211; BFD Bewerbung Admin und Dein Name.<\/p>\n<p>Beachte bitte, dass die Bearbeitung der Bewerbungen einige Zeit in Anspruch nehmen kann. Wir werden nur die Bewerber:innen informieren, die in der engeren Auswahl sind.<\/p>\n<p>Bitte beachte, dass wir deine Bewerbung im Rahmen des Bewerbungsprozesses ggf. intern weiterleiten werden. Nach dem Bewerbungsprozess werden alle Bewerbungsunterlagen gel\u00f6scht.<\/p>\n<p>&nbsp;<\/p>\n<p>Wir freuen uns auf dich!<\/p>\n<\/div>\n<\/header>\n<div class=\"entry-content\">\n<h5 class=\"av-share-link-description av-no-toc \"><a href=\"https:\/\/api.whatsapp.com\/send?text=https:\/\/old.worldfuturecouncil.org\/stellenausschreibung-bundesfreiwilligendienst-medien-und-kommunikation\/\">Share this entry<\/a><\/h5>\n<\/div>\n","protected":false},"excerpt":{"rendered":"<p>Stiftung World Future Council Bundesfreiwilligendienst F\u00fcr Event- und Office Management (m\/w\/d) \u00a0 \u00a0 Der World Future Council (WFC) verfolgt das Ziel, unseren Kindern und Enkeln einen gesunden Planeten mit gerechten Gesellschaften zu \u00fcbergeben. Um dies zu erreichen, identifizieren und verbreiten wir zukunftsgerechte politische L\u00f6sungen und f\u00f6rdern deren Umsetzung weltweit. Der Rat besteht aus 50 internationalen [&hellip;]<\/p>\n","protected":false},"author":19,"featured_media":0,"parent":0,"menu_order":0,"comment_status":"closed","ping_status":"closed","template":"","meta":{"footnotes":""},"class_list":["post-49655","page","type-page","status-publish","hentry"],"featured_image_src":null,"yoast_head":"<!-- This site is optimized with the Yoast SEO plugin v26.8 - https:\/\/yoast.com\/product\/yoast-seo-wordpress\/ -->\n<title>Stellenausschreibung: Bundesfreiwilligendienst f\u00fcr Even- und Office Management (m\/w\/d) - World Future Council<\/title>\n<meta name=\"description\" content=\"Stellenausschreibung: Bundesfreiwilligendiens f\u00fcr Event und Office Management (m\/w\/d)\" \/>\n<meta name=\"robots\" content=\"index, follow, max-snippet:-1, max-image-preview:large, max-video-preview:-1\" \/>\n<link rel=\"canonical\" href=\"https:\/\/www.worldfuturecouncil.org\/de\/stellenausschreibung-bundesfreiwilligendienst-event-office-management\/\" \/>\n<meta property=\"og:locale\" content=\"de_DE\" \/>\n<meta property=\"og:type\" content=\"article\" \/>\n<meta property=\"og:title\" content=\"Stellenausschreibung: Bundesfreiwilligendienst f\u00fcr Even- und Office Management (m\/w\/d) - World Future Council\" \/>\n<meta property=\"og:description\" content=\"Stellenausschreibung: Bundesfreiwilligendiens f\u00fcr Event und Office Management (m\/w\/d)\" \/>\n<meta property=\"og:url\" content=\"https:\/\/www.worldfuturecouncil.org\/de\/stellenausschreibung-bundesfreiwilligendienst-event-office-management\/\" \/>\n<meta property=\"og:site_name\" content=\"World Future Council\" \/>\n<meta property=\"article:modified_time\" content=\"2023-10-11T11:58:38+00:00\" \/>\n<meta name=\"twitter:card\" content=\"summary_large_image\" \/>\n<meta name=\"twitter:label1\" content=\"Gesch\u00e4tzte Lesezeit\" \/>\n\t<meta name=\"twitter:data1\" content=\"2\u00a0Minuten\" \/>\n<script type=\"application\/ld+json\" class=\"yoast-schema-graph\">{\"@context\":\"https:\/\/schema.org\",\"@graph\":[{\"@type\":\"WebPage\",\"@id\":\"https:\/\/www.worldfuturecouncil.org\/de\/stellenausschreibung-bundesfreiwilligendienst-event-office-management\/\",\"url\":\"https:\/\/www.worldfuturecouncil.org\/de\/stellenausschreibung-bundesfreiwilligendienst-event-office-management\/\",\"name\":\"Stellenausschreibung: Bundesfreiwilligendienst f\u00fcr Even- und Office Management (m\/w\/d) - World Future Council\",\"isPartOf\":{\"@id\":\"https:\/\/www.worldfuturecouncil.org\/#website\"},\"datePublished\":\"2023-10-11T11:55:24+00:00\",\"dateModified\":\"2023-10-11T11:58:38+00:00\",\"description\":\"Stellenausschreibung: Bundesfreiwilligendiens f\u00fcr Event und Office Management (m\/w\/d)\",\"inLanguage\":\"de\",\"potentialAction\":[{\"@type\":\"ReadAction\",\"target\":[\"https:\/\/www.worldfuturecouncil.org\/de\/stellenausschreibung-bundesfreiwilligendienst-event-office-management\/\"]}]},{\"@type\":\"WebSite\",\"@id\":\"https:\/\/www.worldfuturecouncil.org\/#website\",\"url\":\"https:\/\/www.worldfuturecouncil.org\/\",\"name\":\"World Future Council\",\"description\":\"Solutions for our Common Future\",\"potentialAction\":[{\"@type\":\"SearchAction\",\"target\":{\"@type\":\"EntryPoint\",\"urlTemplate\":\"https:\/\/www.worldfuturecouncil.org\/?s={search_term_string}\"},\"query-input\":{\"@type\":\"PropertyValueSpecification\",\"valueRequired\":true,\"valueName\":\"search_term_string\"}}],\"inLanguage\":\"de\"}]}<\/script>\n<!-- \/ Yoast SEO plugin. -->","yoast_head_json":{"title":"Stellenausschreibung: Bundesfreiwilligendienst f\u00fcr Even- und Office Management (m\/w\/d) - World Future Council","description":"Stellenausschreibung: Bundesfreiwilligendiens f\u00fcr Event und Office Management (m\/w\/d)","robots":{"index":"index","follow":"follow","max-snippet":"max-snippet:-1","max-image-preview":"max-image-preview:large","max-video-preview":"max-video-preview:-1"},"canonical":"https:\/\/www.worldfuturecouncil.org\/de\/stellenausschreibung-bundesfreiwilligendienst-event-office-management\/","og_locale":"de_DE","og_type":"article","og_title":"Stellenausschreibung: Bundesfreiwilligendienst f\u00fcr Even- und Office Management (m\/w\/d) - World Future Council","og_description":"Stellenausschreibung: Bundesfreiwilligendiens f\u00fcr Event und Office Management (m\/w\/d)","og_url":"https:\/\/www.worldfuturecouncil.org\/de\/stellenausschreibung-bundesfreiwilligendienst-event-office-management\/","og_site_name":"World Future Council","article_modified_time":"2023-10-11T11:58:38+00:00","twitter_card":"summary_large_image","twitter_misc":{"Gesch\u00e4tzte Lesezeit":"2\u00a0Minuten"},"schema":{"@context":"https:\/\/schema.org","@graph":[{"@type":"WebPage","@id":"https:\/\/www.worldfuturecouncil.org\/de\/stellenausschreibung-bundesfreiwilligendienst-event-office-management\/","url":"https:\/\/www.worldfuturecouncil.org\/de\/stellenausschreibung-bundesfreiwilligendienst-event-office-management\/","name":"Stellenausschreibung: Bundesfreiwilligendienst f\u00fcr Even- und Office Management (m\/w\/d) - World Future Council","isPartOf":{"@id":"https:\/\/www.worldfuturecouncil.org\/#website"},"datePublished":"2023-10-11T11:55:24+00:00","dateModified":"2023-10-11T11:58:38+00:00","description":"Stellenausschreibung: Bundesfreiwilligendiens f\u00fcr Event und Office Management (m\/w\/d)","inLanguage":"de","potentialAction":[{"@type":"ReadAction","target":["https:\/\/www.worldfuturecouncil.org\/de\/stellenausschreibung-bundesfreiwilligendienst-event-office-management\/"]}]},{"@type":"WebSite","@id":"https:\/\/www.worldfuturecouncil.org\/#website","url":"https:\/\/www.worldfuturecouncil.org\/","name":"World Future Council","description":"Solutions for our Common Future","potentialAction":[{"@type":"SearchAction","target":{"@type":"EntryPoint","urlTemplate":"https:\/\/www.worldfuturecouncil.org\/?s={search_term_string}"},"query-input":{"@type":"PropertyValueSpecification","valueRequired":true,"valueName":"search_term_string"}}],"inLanguage":"de"}]}},"_links":{"self":[{"href":"https:\/\/www.worldfuturecouncil.org\/de\/wp-json\/wp\/v2\/pages\/49655","targetHints":{"allow":["GET"]}}],"collection":[{"href":"https:\/\/www.worldfuturecouncil.org\/de\/wp-json\/wp\/v2\/pages"}],"about":[{"href":"https:\/\/www.worldfuturecouncil.org\/de\/wp-json\/wp\/v2\/types\/page"}],"author":[{"embeddable":true,"href":"https:\/\/www.worldfuturecouncil.org\/de\/wp-json\/wp\/v2\/users\/19"}],"replies":[{"embeddable":true,"href":"https:\/\/www.worldfuturecouncil.org\/de\/wp-json\/wp\/v2\/comments?post=49655"}],"version-history":[{"count":0,"href":"https:\/\/www.worldfuturecouncil.org\/de\/wp-json\/wp\/v2\/pages\/49655\/revisions"}],"wp:attachment":[{"href":"https:\/\/www.worldfuturecouncil.org\/de\/wp-json\/wp\/v2\/media?parent=49655"}],"curies":[{"name":"wp","href":"https:\/\/api.w.org\/{rel}","templated":true}]}}