{"id":35265,"date":"2020-07-24T12:04:13","date_gmt":"2020-07-24T10:04:13","guid":{"rendered":"https:\/\/www.worldfuturecouncil.org\/?page_id=35265"},"modified":"2020-08-24T18:45:47","modified_gmt":"2020-08-24T16:45:47","slug":"testament-spende-vermaechtnis-fuer-die-zukunft","status":"publish","type":"page","link":"https:\/\/www.worldfuturecouncil.org\/de\/testament-spende-vermaechtnis-fuer-die-zukunft\/","title":{"rendered":"Testamentsspende: Mein Verm\u00e4chtnis f\u00fcr die Zukunft"},"content":{"rendered":"\n<style type=\"text\/css\" data-created_by=\"avia_inline_auto\" id=\"style-css-av-ln0b41-39ed2eee6589bdaf744e6ce85032ca9b\">\n.flex_column.av-ln0b41-39ed2eee6589bdaf744e6ce85032ca9b{\nborder-radius:0px 0px 0px 0px;\npadding:0px 0px 0px 0px;\n}\n<\/style>\n<div  class='flex_column av-ln0b41-39ed2eee6589bdaf744e6ce85032ca9b av_one_full  avia-builder-el-0  avia-builder-el-no-sibling  first flex_column_div av-zero-column-padding  '     ><p>\n<style type=\"text\/css\" data-created_by=\"avia_inline_auto\" id=\"style-css-av-kd00bbgy-bd17df4765eb00f3f62ec8dc78c09c27\">\n.avia-image-container.av-kd00bbgy-bd17df4765eb00f3f62ec8dc78c09c27 img.avia_image{\nbox-shadow:none;\n}\n.avia-image-container.av-kd00bbgy-bd17df4765eb00f3f62ec8dc78c09c27 .av-image-caption-overlay-center{\ncolor:#ffffff;\n}\n<\/style>\n<div  class='avia-image-container av-kd00bbgy-bd17df4765eb00f3f62ec8dc78c09c27 av-styling- avia-align-center  avia-builder-el-1  el_before_av_textblock  avia-builder-el-first '   itemprop=\"image\" itemscope=\"itemscope\" itemtype=\"https:\/\/schema.org\/ImageObject\" ><div class=\"avia-image-container-inner\"><div class=\"avia-image-overlay-wrap\"><img decoding=\"async\" fetchpriority=\"high\" class='wp-image-35268 avia-img-lazy-loading-not-35268 avia_image ' src=\"https:\/\/www.worldfuturecouncil.org\/wp-content\/uploads\/2020\/07\/sebastien-gabriel-Az3kQbCND2o-unsplash-1030x579.jpg\" alt='Hot Air Balloons' title='Baloon'  height=\"579\" width=\"1030\"  itemprop=\"thumbnailUrl\" srcset=\"https:\/\/www.worldfuturecouncil.org\/wp-content\/uploads\/2020\/07\/sebastien-gabriel-Az3kQbCND2o-unsplash-1030x579.jpg 1030w, https:\/\/www.worldfuturecouncil.org\/wp-content\/uploads\/2020\/07\/sebastien-gabriel-Az3kQbCND2o-unsplash-300x169.jpg 300w, https:\/\/www.worldfuturecouncil.org\/wp-content\/uploads\/2020\/07\/sebastien-gabriel-Az3kQbCND2o-unsplash-768x432.jpg 768w, https:\/\/www.worldfuturecouncil.org\/wp-content\/uploads\/2020\/07\/sebastien-gabriel-Az3kQbCND2o-unsplash-1536x864.jpg 1536w, https:\/\/www.worldfuturecouncil.org\/wp-content\/uploads\/2020\/07\/sebastien-gabriel-Az3kQbCND2o-unsplash-2048x1152.jpg 2048w, https:\/\/www.worldfuturecouncil.org\/wp-content\/uploads\/2020\/07\/sebastien-gabriel-Az3kQbCND2o-unsplash-1500x844.jpg 1500w, https:\/\/www.worldfuturecouncil.org\/wp-content\/uploads\/2020\/07\/sebastien-gabriel-Az3kQbCND2o-unsplash-705x397.jpg 705w\" sizes=\"(max-width: 1030px) 100vw, 1030px\" \/><\/div><\/div><\/div><br \/>\n<section  class='av_textblock_section av-kczzf8wb-14b3a4fa366cf7410778c331fffa3388 '   itemscope=\"itemscope\" itemtype=\"https:\/\/schema.org\/CreativeWork\" ><div class='avia_textblock'  itemprop=\"text\" ><h1>Gemeinn\u00fctzig vererben: Ihr Testament f\u00fcr einen guten Zweck<\/h1>\n<p>Viele Menschen fragen sich inzwischen: Kann ich mit meinem Testament etwas Gutes tun und einer gemeinn\u00fctzigen Organisation zukommen lassen? Ja, das k\u00f6nnen Sie &#8211; Ihr Verm\u00e4chtnis kann helfen, zuk\u00fcnftigen Generationen einen gesunden Planeten zu \u00fcbergeben.<\/p>\n<p>Mehr denn je ist gemeinn\u00fctzig vererben von Vorteil: Denn Erbschaften und Verm\u00e4chtnisse sind von der Erbschaftssteuer befreit. Wenn Sie sich w\u00fcnschen, mit Ihrem Testament Gutes zu tun, k\u00f6nnen Sie die Stiftung World Future Council als Erbin oder Miterbin einsetzen. Gerne helfen wir Ihnen dabei, mit Ihrem Verm\u00e4chtnis die Rechte zuk\u00fcnftiger Generationen in Ihrem Sinne zu st\u00e4rken.<\/p>\n<h2>Mein Testament: ein Verm\u00e4chtnis f\u00fcr die Zukunft<\/h2>\n<p>Kenn Sie unsere <a href=\"http:\/\/www.worldfuturecouncil.org\/wp-content\/uploads\/2018\/12\/Testamentsspende-Broschuere-World-Future-Council-2018.pdf\">Brosch\u00fcre zum Thema Erbschaft und Verm\u00e4chtnis? <\/a>Hier finden Sie auch die wichtigsten Informationen zum Thema Erbrecht und Testamentsgestaltung. Sie erfahren, warum ein Testament so wichtig ist und wie Sie ein Testament erstellen k\u00f6nnen. Beispiele f\u00fcr verschiedene Testamentsformen und Details zu den Steuervorteilen helfen Ihnen, Ihre Entscheidung informiert zu treffen.<\/p>\n<p><a href=\"http:\/\/www.worldfuturecouncil.org\/wp-content\/uploads\/2018\/12\/Testamentsspende-Broschuere-World-Future-Council-2018.pdf\"><img loading=\"lazy\" decoding=\"async\" class=\"alignnone wp-image-27097\" src=\"http:\/\/www.worldfuturecouncil.org\/wp-content\/uploads\/2018\/12\/Testamentsspende-World-Future-Council-2018-Titelblatt.png\" alt=\"Ihr Geschenk an zuk\u00fcnftige Generationen\" width=\"286\" height=\"408\" srcset=\"https:\/\/www.worldfuturecouncil.org\/wp-content\/uploads\/2018\/12\/Testamentsspende-World-Future-Council-2018-Titelblatt.png 669w, https:\/\/www.worldfuturecouncil.org\/wp-content\/uploads\/2018\/12\/Testamentsspende-World-Future-Council-2018-Titelblatt-211x300.png 211w, https:\/\/www.worldfuturecouncil.org\/wp-content\/uploads\/2018\/12\/Testamentsspende-World-Future-Council-2018-Titelblatt-495x705.png 495w, https:\/\/www.worldfuturecouncil.org\/wp-content\/uploads\/2018\/12\/Testamentsspende-World-Future-Council-2018-Titelblatt-450x641.png 450w\" sizes=\"auto, (max-width: 286px) 100vw, 286px\" \/><\/a><\/p>\n<h2><\/h2>\n<h2>Warum an den World Future Council vererben?<\/h2>\n<p>Sie w\u00fcnschen sich, ebenso wie wir, eine bessere Welt? Dann blicken Sie sicher ebenfalls mit Sorge auf das Leid und die Umweltzerst\u00f6rung. Daf\u00fcr zu sorgen, dass unsere Kinder und Kindeskinder in einer lebenswerten Welt leben k\u00f6nnen ist sicherlich das gr\u00f6\u00dfte Ziel, das ein Mensch verfolgen kann. Wir haben dieses Ziel: Wir arbeiten daran, nachfolgenden Generationen einen gesunden Planeten mit gerechten Gesellschaften zu \u00fcbergeben.<\/p>\n<p><a href=\"http:\/\/www.worldfuturecouncil.org\/wp-content\/uploads\/2018\/12\/Testamentsspende-Broschuere-World-Future-Council-2018.pdf\">Unsere Brosch\u00fcre<\/a> soll Ihnen eine Orientierung geben, wie Sie sich mit Ihrem Testament f\u00fcr Zukunftsgerechtigkeit stark machen k\u00f6nnen. Wir wollen Ihnen unsere Projekte und Themen vorstellen und Ihnen ebenfalls einige Hilfestellungen zum Aufsetzen Ihres letzten Willens geben. Wir freuen uns \u00fcber Ihr Interesse an Klimaschutz, Kinderrechten, Nahrungssicherheit und anderen Herausforderungen der Menschheit, die wir gemeinsam mit Ihnen l\u00f6sen k\u00f6nnen! <a href=\"http:\/\/www.worldfuturecouncil.org\/de\/ueber-uns\/\">Erfahren Sie mehr \u00fcber uns und unsere Projekte<\/a>.<\/p>\n<\/div><\/section><\/p><\/div>\n","protected":false},"excerpt":{"rendered":"<p>Mehr denn je ist gemeinn\u00fctzig vererben von Vorteil: Erbschaften und Verm\u00e4chtnisse sind von der Erbschaftssteuer befreit. Mit Ihrer Testamentsspende k\u00f6nnen Sie viel Gutes bewirken!<\/p>\n","protected":false},"author":9,"featured_media":35268,"parent":0,"menu_order":0,"comment_status":"closed","ping_status":"closed","template":"","meta":{"footnotes":""},"class_list":["post-35265","page","type-page","status-publish","has-post-thumbnail","hentry"],"featured_image_src":"https:\/\/www.worldfuturecouncil.org\/wp-content\/uploads\/2020\/07\/sebastien-gabriel-Az3kQbCND2o-unsplash-scaled.jpg","yoast_head":"<!-- This site is optimized with the Yoast SEO plugin v26.8 - https:\/\/yoast.com\/product\/yoast-seo-wordpress\/ -->\n<title>Gemeinn\u00fctzig vererben: Ihr Testament f\u00fcr einen guten Zweck<\/title>\n<meta name=\"description\" content=\"Gemeinn\u00fctzig vererben ist von Vorteil: Erbschaften und Verm\u00e4chtnisse sind von der Erbschaftssteuer befreit. Mit Ihrem Testament\" \/>\n<meta name=\"robots\" content=\"index, follow, max-snippet:-1, max-image-preview:large, max-video-preview:-1\" \/>\n<link rel=\"canonical\" href=\"https:\/\/www.worldfuturecouncil.org\/de\/testament-spende-vermaechtnis-fuer-die-zukunft\/\" \/>\n<meta property=\"og:locale\" content=\"de_DE\" \/>\n<meta property=\"og:type\" content=\"article\" \/>\n<meta property=\"og:title\" content=\"Gemeinn\u00fctzig vererben: Ihr Testament f\u00fcr einen guten Zweck\" \/>\n<meta property=\"og:description\" content=\"Gemeinn\u00fctzig vererben ist von Vorteil: Erbschaften und Verm\u00e4chtnisse sind von der Erbschaftssteuer befreit. Mit Ihrem Testament\" \/>\n<meta property=\"og:url\" content=\"https:\/\/www.worldfuturecouncil.org\/de\/testament-spende-vermaechtnis-fuer-die-zukunft\/\" \/>\n<meta property=\"og:site_name\" content=\"World Future Council\" \/>\n<meta property=\"article:modified_time\" content=\"2020-08-24T16:45:47+00:00\" \/>\n<meta property=\"og:image\" content=\"https:\/\/www.worldfuturecouncil.org\/wp-content\/uploads\/2020\/07\/sebastien-gabriel-Az3kQbCND2o-unsplash-1030x579.jpg\" \/>\n\t<meta property=\"og:image:width\" content=\"1030\" \/>\n\t<meta property=\"og:image:height\" content=\"579\" \/>\n\t<meta property=\"og:image:type\" content=\"image\/jpeg\" \/>\n<meta name=\"twitter:card\" content=\"summary_large_image\" \/>\n<meta name=\"twitter:label1\" content=\"Gesch\u00e4tzte Lesezeit\" \/>\n\t<meta name=\"twitter:data1\" content=\"3\u00a0Minuten\" \/>\n<script type=\"application\/ld+json\" class=\"yoast-schema-graph\">{\"@context\":\"https:\/\/schema.org\",\"@graph\":[{\"@type\":\"WebPage\",\"@id\":\"https:\/\/www.worldfuturecouncil.org\/de\/testament-spende-vermaechtnis-fuer-die-zukunft\/\",\"url\":\"https:\/\/www.worldfuturecouncil.org\/de\/testament-spende-vermaechtnis-fuer-die-zukunft\/\",\"name\":\"Gemeinn\u00fctzig vererben: Ihr Testament f\u00fcr einen guten Zweck\",\"isPartOf\":{\"@id\":\"https:\/\/www.worldfuturecouncil.org\/#website\"},\"primaryImageOfPage\":{\"@id\":\"https:\/\/www.worldfuturecouncil.org\/de\/testament-spende-vermaechtnis-fuer-die-zukunft\/#primaryimage\"},\"image\":{\"@id\":\"https:\/\/www.worldfuturecouncil.org\/de\/testament-spende-vermaechtnis-fuer-die-zukunft\/#primaryimage\"},\"thumbnailUrl\":\"https:\/\/www.worldfuturecouncil.org\/wp-content\/uploads\/2020\/07\/sebastien-gabriel-Az3kQbCND2o-unsplash-scaled.jpg\",\"datePublished\":\"2020-07-24T10:04:13+00:00\",\"dateModified\":\"2020-08-24T16:45:47+00:00\",\"description\":\"Gemeinn\u00fctzig vererben ist von Vorteil: Erbschaften und Verm\u00e4chtnisse sind von der Erbschaftssteuer befreit. Mit Ihrem Testament\",\"inLanguage\":\"de\",\"potentialAction\":[{\"@type\":\"ReadAction\",\"target\":[\"https:\/\/www.worldfuturecouncil.org\/de\/testament-spende-vermaechtnis-fuer-die-zukunft\/\"]}]},{\"@type\":\"ImageObject\",\"inLanguage\":\"de\",\"@id\":\"https:\/\/www.worldfuturecouncil.org\/de\/testament-spende-vermaechtnis-fuer-die-zukunft\/#primaryimage\",\"url\":\"https:\/\/www.worldfuturecouncil.org\/wp-content\/uploads\/2020\/07\/sebastien-gabriel-Az3kQbCND2o-unsplash-scaled.jpg\",\"contentUrl\":\"https:\/\/www.worldfuturecouncil.org\/wp-content\/uploads\/2020\/07\/sebastien-gabriel-Az3kQbCND2o-unsplash-scaled.jpg\",\"width\":2560,\"height\":1440,\"caption\":\"Hot Air Balloons\"},{\"@type\":\"WebSite\",\"@id\":\"https:\/\/www.worldfuturecouncil.org\/#website\",\"url\":\"https:\/\/www.worldfuturecouncil.org\/\",\"name\":\"World Future Council\",\"description\":\"Solutions for our Common Future\",\"potentialAction\":[{\"@type\":\"SearchAction\",\"target\":{\"@type\":\"EntryPoint\",\"urlTemplate\":\"https:\/\/www.worldfuturecouncil.org\/?s={search_term_string}\"},\"query-input\":{\"@type\":\"PropertyValueSpecification\",\"valueRequired\":true,\"valueName\":\"search_term_string\"}}],\"inLanguage\":\"de\"}]}<\/script>\n<!-- \/ Yoast SEO plugin. -->","yoast_head_json":{"title":"Gemeinn\u00fctzig vererben: Ihr Testament f\u00fcr einen guten Zweck","description":"Gemeinn\u00fctzig vererben ist von Vorteil: Erbschaften und Verm\u00e4chtnisse sind von der Erbschaftssteuer befreit. Mit Ihrem Testament","robots":{"index":"index","follow":"follow","max-snippet":"max-snippet:-1","max-image-preview":"max-image-preview:large","max-video-preview":"max-video-preview:-1"},"canonical":"https:\/\/www.worldfuturecouncil.org\/de\/testament-spende-vermaechtnis-fuer-die-zukunft\/","og_locale":"de_DE","og_type":"article","og_title":"Gemeinn\u00fctzig vererben: Ihr Testament f\u00fcr einen guten Zweck","og_description":"Gemeinn\u00fctzig vererben ist von Vorteil: Erbschaften und Verm\u00e4chtnisse sind von der Erbschaftssteuer befreit. Mit Ihrem Testament","og_url":"https:\/\/www.worldfuturecouncil.org\/de\/testament-spende-vermaechtnis-fuer-die-zukunft\/","og_site_name":"World Future Council","article_modified_time":"2020-08-24T16:45:47+00:00","og_image":[{"width":1030,"height":579,"url":"https:\/\/www.worldfuturecouncil.org\/wp-content\/uploads\/2020\/07\/sebastien-gabriel-Az3kQbCND2o-unsplash-1030x579.jpg","type":"image\/jpeg"}],"twitter_card":"summary_large_image","twitter_misc":{"Gesch\u00e4tzte Lesezeit":"3\u00a0Minuten"},"schema":{"@context":"https:\/\/schema.org","@graph":[{"@type":"WebPage","@id":"https:\/\/www.worldfuturecouncil.org\/de\/testament-spende-vermaechtnis-fuer-die-zukunft\/","url":"https:\/\/www.worldfuturecouncil.org\/de\/testament-spende-vermaechtnis-fuer-die-zukunft\/","name":"Gemeinn\u00fctzig vererben: Ihr Testament f\u00fcr einen guten Zweck","isPartOf":{"@id":"https:\/\/www.worldfuturecouncil.org\/#website"},"primaryImageOfPage":{"@id":"https:\/\/www.worldfuturecouncil.org\/de\/testament-spende-vermaechtnis-fuer-die-zukunft\/#primaryimage"},"image":{"@id":"https:\/\/www.worldfuturecouncil.org\/de\/testament-spende-vermaechtnis-fuer-die-zukunft\/#primaryimage"},"thumbnailUrl":"https:\/\/www.worldfuturecouncil.org\/wp-content\/uploads\/2020\/07\/sebastien-gabriel-Az3kQbCND2o-unsplash-scaled.jpg","datePublished":"2020-07-24T10:04:13+00:00","dateModified":"2020-08-24T16:45:47+00:00","description":"Gemeinn\u00fctzig vererben ist von Vorteil: Erbschaften und Verm\u00e4chtnisse sind von der Erbschaftssteuer befreit. Mit Ihrem Testament","inLanguage":"de","potentialAction":[{"@type":"ReadAction","target":["https:\/\/www.worldfuturecouncil.org\/de\/testament-spende-vermaechtnis-fuer-die-zukunft\/"]}]},{"@type":"ImageObject","inLanguage":"de","@id":"https:\/\/www.worldfuturecouncil.org\/de\/testament-spende-vermaechtnis-fuer-die-zukunft\/#primaryimage","url":"https:\/\/www.worldfuturecouncil.org\/wp-content\/uploads\/2020\/07\/sebastien-gabriel-Az3kQbCND2o-unsplash-scaled.jpg","contentUrl":"https:\/\/www.worldfuturecouncil.org\/wp-content\/uploads\/2020\/07\/sebastien-gabriel-Az3kQbCND2o-unsplash-scaled.jpg","width":2560,"height":1440,"caption":"Hot Air Balloons"},{"@type":"WebSite","@id":"https:\/\/www.worldfuturecouncil.org\/#website","url":"https:\/\/www.worldfuturecouncil.org\/","name":"World Future Council","description":"Solutions for our Common Future","potentialAction":[{"@type":"SearchAction","target":{"@type":"EntryPoint","urlTemplate":"https:\/\/www.worldfuturecouncil.org\/?s={search_term_string}"},"query-input":{"@type":"PropertyValueSpecification","valueRequired":true,"valueName":"search_term_string"}}],"inLanguage":"de"}]}},"_links":{"self":[{"href":"https:\/\/www.worldfuturecouncil.org\/de\/wp-json\/wp\/v2\/pages\/35265","targetHints":{"allow":["GET"]}}],"collection":[{"href":"https:\/\/www.worldfuturecouncil.org\/de\/wp-json\/wp\/v2\/pages"}],"about":[{"href":"https:\/\/www.worldfuturecouncil.org\/de\/wp-json\/wp\/v2\/types\/page"}],"author":[{"embeddable":true,"href":"https:\/\/www.worldfuturecouncil.org\/de\/wp-json\/wp\/v2\/users\/9"}],"replies":[{"embeddable":true,"href":"https:\/\/www.worldfuturecouncil.org\/de\/wp-json\/wp\/v2\/comments?post=35265"}],"version-history":[{"count":0,"href":"https:\/\/www.worldfuturecouncil.org\/de\/wp-json\/wp\/v2\/pages\/35265\/revisions"}],"wp:featuredmedia":[{"embeddable":true,"href":"https:\/\/www.worldfuturecouncil.org\/de\/wp-json\/wp\/v2\/media\/35268"}],"wp:attachment":[{"href":"https:\/\/www.worldfuturecouncil.org\/de\/wp-json\/wp\/v2\/media?parent=35265"}],"curies":[{"name":"wp","href":"https:\/\/api.w.org\/{rel}","templated":true}]}}